{"id":3071,"date":"2025-08-30T09:57:15","date_gmt":"2025-08-30T01:57:15","guid":{"rendered":"https:\/\/aquarainwater.com\/?page_id=3071"},"modified":"2025-12-12T14:23:26","modified_gmt":"2025-12-12T06:23:26","slug":"produits","status":"publish","type":"page","link":"https:\/\/aquarainwater.com\/fr\/products\/","title":{"rendered":"Produits"},"content":{"rendered":"<div class=\"wp-block-uagb-container uagb-block-ea0b1b0a alignfull uagb-is-root-container\"><div class=\"uagb-container-inner-blocks-wrap\">\n<h2 class=\"wp-block-heading has-text-align-center has-ast-global-color-5-color has-text-color has-link-color wp-elements-1e9163beea65636c0c5e36b078cab429\" style=\"margin-top:0;margin-bottom:0\">PRODUIT<\/h2>\n<\/div><\/div>\n\n\n\n<div class=\"wp-block-uagb-container uagb-block-2d5dad5b alignfull uagb-is-root-container\"><div class=\"uagb-container-inner-blocks-wrap\">\n<div class=\"wp-block-uagb-advanced-heading uagb-block-8622412f\"><h2 class=\"uagb-heading-text\"><strong>Nos produits<\/strong><\/h2><\/div>\n\n\n\n<div class=\"wp-block-uagb-container uagb-layout-grid uagb-block-2ec9e49b default uagb-is-root-container\">\n<div class=\"wp-block-uagb-container uagb-layout-flex uagb-block-67711e2e\">\n<div class=\"wp-block-uagb-advanced-heading uagb-block-15a54fa9\"><h4 class=\"uagb-heading-text\">Caisse de trempage<\/h4><\/div>\n\n\n\n<div class=\"wp-block-uagb-icon-list uagb-block-1bb5a913\"><div class=\"uagb-icon-list__wrap\">\n<div class=\"wp-block-uagb-icon-list-child uagb-block-86a33b6e\"><span class=\"uagb-icon-list__source-wrap\"><svg xmlns=\"https:\/\/www.w3.org\/2000\/svg\" viewbox=\"0 0 512 512\"><path d=\"M0 256C0 114.6 114.6 0 256 0C397.4 0 512 114.6 512 256C512 397.4 397.4 512 256 512C114.6 512 0 397.4 0 256zM256 352C309 352 352 309 352 256C352 202.1 309 160 256 160C202.1 160 160 202.1 160 256C160 309 202.1 352 256 352z\"><\/path><\/svg><\/span><span class=\"uagb-icon-list__label\">AQUA CELL 6841 <\/span><\/div>\n\n\n\n<div class=\"wp-block-uagb-icon-list-child uagb-block-8ab58e76\"><span class=\"uagb-icon-list__source-wrap\"><svg xmlns=\"https:\/\/www.w3.org\/2000\/svg\" viewbox=\"0 0 512 512\"><path d=\"M0 256C0 114.6 114.6 0 256 0C397.4 0 512 114.6 512 256C512 397.4 397.4 512 256 512C114.6 512 0 397.4 0 256zM256 352C309 352 352 309 352 256C352 202.1 309 160 256 160C202.1 160 160 202.1 160 256C160 309 202.1 352 256 352z\"><\/path><\/svg><\/span><span class=\"uagb-icon-list__label\">AQUA CELL 8053 <\/span><\/div>\n<\/div><\/div>\n<\/div>\n\n\n\n<div class=\"wp-block-uagb-container uagb-layout-flex uagb-block-98e29748\">\n<div class=\"wp-block-uagb-advanced-heading uagb-block-87e6c634\"><h4 class=\"uagb-heading-text\">R\u00e9servoir g\u00e9ocellulaire<\/h4><\/div>\n\n\n\n<div class=\"wp-block-uagb-icon-list uagb-block-8b646732\"><div class=\"uagb-icon-list__wrap\">\n<div class=\"wp-block-uagb-icon-list-child uagb-block-451fff72\"><span class=\"uagb-icon-list__source-wrap\"><svg xmlns=\"https:\/\/www.w3.org\/2000\/svg\" viewbox=\"0 0 512 512\"><path d=\"M0 256C0 114.6 114.6 0 256 0C397.4 0 512 114.6 512 256C512 397.4 397.4 512 256 512C114.6 512 0 397.4 0 256zM256 352C309 352 352 309 352 256C352 202.1 309 160 256 160C202.1 160 160 202.1 160 256C160 309 202.1 352 256 352z\"><\/path><\/svg><\/span><span class=\"uagb-icon-list__label\">AQUA CELL 1050<\/span><\/div>\n\n\n\n<div class=\"wp-block-uagb-icon-list-child uagb-block-a73d81be\"><span class=\"uagb-icon-list__source-wrap\"><svg xmlns=\"https:\/\/www.w3.org\/2000\/svg\" viewbox=\"0 0 512 512\"><path d=\"M0 256C0 114.6 114.6 0 256 0C397.4 0 512 114.6 512 256C512 397.4 397.4 512 256 512C114.6 512 0 397.4 0 256zM256 352C309 352 352 309 352 256C352 202.1 309 160 256 160C202.1 160 160 202.1 160 256C160 309 202.1 352 256 352z\"><\/path><\/svg><\/span><span class=\"uagb-icon-list__label\">AQUA CELL 1260<\/span><\/div>\n<\/div><\/div>\n<\/div>\n\n\n\n<div class=\"wp-block-uagb-container uagb-layout-flex uagb-block-8684327a\">\n<div class=\"wp-block-uagb-advanced-heading uagb-block-5e5906b5\"><h4 class=\"uagb-heading-text\">R\u00e9servoir de drainage peu profond<\/h4><\/div>\n\n\n\n<div class=\"wp-block-uagb-icon-list uagb-block-8d365f26\"><div class=\"uagb-icon-list__wrap\">\n<div class=\"wp-block-uagb-icon-list-child uagb-block-97eb33fc\"><span class=\"uagb-icon-list__source-wrap\"><svg xmlns=\"https:\/\/www.w3.org\/2000\/svg\" viewbox=\"0 0 512 512\"><path d=\"M0 256C0 114.6 114.6 0 256 0C397.4 0 512 114.6 512 256C512 397.4 397.4 512 256 512C114.6 512 0 397.4 0 256zM256 352C309 352 352 309 352 256C352 202.1 309 160 256 160C202.1 160 160 202.1 160 256C160 309 202.1 352 256 352z\"><\/path><\/svg><\/span><span class=\"uagb-icon-list__label\">AQUA CELL 8025<\/span><\/div>\n<\/div><\/div>\n<\/div>\n\n\n\n<div class=\"wp-block-uagb-container uagb-layout-flex uagb-block-2bde9e5c\">\n<div class=\"wp-block-uagb-advanced-heading uagb-block-fc0e22fe\"><h4 class=\"uagb-heading-text\">Drainage paysager<\/h4><\/div>\n\n\n\n<div class=\"wp-block-uagb-icon-list uagb-block-840aa622\"><div class=\"uagb-icon-list__wrap\">\n<div class=\"wp-block-uagb-icon-list-child uagb-block-504b8f14\"><span class=\"uagb-icon-list__source-wrap\"><svg xmlns=\"https:\/\/www.w3.org\/2000\/svg\" viewbox=\"0 0 512 512\"><path d=\"M0 256C0 114.6 114.6 0 256 0C397.4 0 512 114.6 512 256C512 397.4 397.4 512 256 512C114.6 512 0 397.4 0 256zM256 352C309 352 352 309 352 256C352 202.1 309 160 256 160C202.1 160 160 202.1 160 256C160 309 202.1 352 256 352z\"><\/path><\/svg><\/span><span class=\"uagb-icon-list__label\">Puits d'inspection<\/span><\/div>\n\n\n\n<div class=\"wp-block-uagb-icon-list-child uagb-block-7ca2a20e\"><span class=\"uagb-icon-list__source-wrap\"><svg xmlns=\"https:\/\/www.w3.org\/2000\/svg\" viewbox=\"0 0 512 512\"><path d=\"M0 256C0 114.6 114.6 0 256 0C397.4 0 512 114.6 512 256C512 397.4 397.4 512 256 512C114.6 512 0 397.4 0 256zM256 352C309 352 352 309 352 256C352 202.1 309 160 256 160C202.1 160 160 202.1 160 256C160 309 202.1 352 256 352z\"><\/path><\/svg><\/span><span class=\"uagb-icon-list__label\">Tuyau perm\u00e9able<\/span><\/div>\n\n\n\n<div class=\"wp-block-uagb-icon-list-child uagb-block-03101618\"><span class=\"uagb-icon-list__source-wrap\"><svg xmlns=\"https:\/\/www.w3.org\/2000\/svg\" viewbox=\"0 0 512 512\"><path d=\"M0 256C0 114.6 114.6 0 256 0C397.4 0 512 114.6 512 256C512 397.4 397.4 512 256 512C114.6 512 0 397.4 0 256zM256 352C309 352 352 309 352 256C352 202.1 309 160 256 160C202.1 160 160 202.1 160 256C160 309 202.1 352 256 352z\"><\/path><\/svg><\/span><span class=\"uagb-icon-list__label\">Cellule de drainage 1005<\/span><\/div>\n<\/div><\/div>\n<\/div>\n\n\n\n<div class=\"wp-block-uagb-container uagb-layout-flex uagb-block-fb5ff967\">\n<div class=\"wp-block-uagb-advanced-heading uagb-block-5f6fff6d\"><h4 class=\"uagb-heading-text\">Autre produit<\/h4><\/div>\n\n\n\n<div class=\"wp-block-uagb-icon-list uagb-block-1b061a07\"><div class=\"uagb-icon-list__wrap\">\n<div class=\"wp-block-uagb-icon-list-child uagb-block-3fe793a1\"><span class=\"uagb-icon-list__source-wrap\"><svg xmlns=\"https:\/\/www.w3.org\/2000\/svg\" viewbox=\"0 0 512 512\"><path d=\"M0 256C0 114.6 114.6 0 256 0C397.4 0 512 114.6 512 256C512 397.4 397.4 512 256 512C114.6 512 0 397.4 0 256zM256 352C309 352 352 309 352 256C352 202.1 309 160 256 160C202.1 160 160 202.1 160 256C160 309 202.1 352 256 352z\"><\/path><\/svg><\/span><span class=\"uagb-icon-list__label\">Ceinture de cheval<\/span><\/div>\n\n\n\n<div class=\"wp-block-uagb-icon-list-child uagb-block-e2ab8b60\"><span class=\"uagb-icon-list__source-wrap\"><svg xmlns=\"https:\/\/www.w3.org\/2000\/svg\" viewbox=\"0 0 512 512\"><path d=\"M0 256C0 114.6 114.6 0 256 0C397.4 0 512 114.6 512 256C512 397.4 397.4 512 256 512C114.6 512 0 397.4 0 256zM256 352C309 352 352 309 352 256C352 202.1 309 160 256 160C202.1 160 160 202.1 160 256C160 309 202.1 352 256 352z\"><\/path><\/svg><\/span><span class=\"uagb-icon-list__label\">Doublure en EPDM<\/span><\/div>\n\n\n\n<div class=\"wp-block-uagb-icon-list-child uagb-block-51a6b134\"><span class=\"uagb-icon-list__source-wrap\"><svg xmlns=\"https:\/\/www.w3.org\/2000\/svg\" viewbox=\"0 0 512 512\"><path d=\"M0 256C0 114.6 114.6 0 256 0C397.4 0 512 114.6 512 256C512 397.4 397.4 512 256 512C114.6 512 0 397.4 0 256zM256 352C309 352 352 309 352 256C352 202.1 309 160 256 160C202.1 160 160 202.1 160 256C160 309 202.1 352 256 352z\"><\/path><\/svg><\/span><span class=\"uagb-icon-list__label\">G\u00e9omembrane<\/span><\/div>\n\n\n\n<div class=\"wp-block-uagb-icon-list-child uagb-block-53c69882\"><span class=\"uagb-icon-list__source-wrap\"><svg xmlns=\"https:\/\/www.w3.org\/2000\/svg\" viewbox=\"0 0 512 512\"><path d=\"M0 256C0 114.6 114.6 0 256 0C397.4 0 512 114.6 512 256C512 397.4 397.4 512 256 512C114.6 512 0 397.4 0 256zM256 352C309 352 352 309 352 256C352 202.1 309 160 256 160C202.1 160 160 202.1 160 256C160 309 202.1 352 256 352z\"><\/path><\/svg><\/span><span class=\"uagb-icon-list__label\">G\u00e9otextile<\/span><\/div>\n\n\n\n<div class=\"wp-block-uagb-icon-list-child uagb-block-ecce38d4\"><span class=\"uagb-icon-list__source-wrap\"><svg xmlns=\"https:\/\/www.w3.org\/2000\/svg\" viewbox=\"0 0 512 512\"><path d=\"M0 256C0 114.6 114.6 0 256 0C397.4 0 512 114.6 512 256C512 397.4 397.4 512 256 512C114.6 512 0 397.4 0 256zM256 352C309 352 352 309 352 256C352 202.1 309 160 256 160C202.1 160 160 202.1 160 256C160 309 202.1 352 256 352z\"><\/path><\/svg><\/span><span class=\"uagb-icon-list__label\">G\u00e9ogrille<\/span><\/div>\n\n\n\n<div class=\"wp-block-uagb-icon-list-child uagb-block-6d9f61e7\"><span class=\"uagb-icon-list__source-wrap\"><svg xmlns=\"https:\/\/www.w3.org\/2000\/svg\" viewbox=\"0 0 512 512\"><path d=\"M0 256C0 114.6 114.6 0 256 0C397.4 0 512 114.6 512 256C512 397.4 397.4 512 256 512C114.6 512 0 397.4 0 256zM256 352C309 352 352 309 352 256C352 202.1 309 160 256 160C202.1 160 160 202.1 160 256C160 309 202.1 352 256 352z\"><\/path><\/svg><\/span><span class=\"uagb-icon-list__label\">Geocell<\/span><\/div>\n<\/div><\/div>\n<\/div>\n<\/div>\n<\/div><\/div>","protected":false},"excerpt":{"rendered":"<p>PRODUIT Nos produits Caisse de trempage R\u00e9servoir g\u00e9ocellulaire R\u00e9servoir de drainage peu profond Drainage paysager Autre produit<\/p>","protected":false},"author":1,"featured_media":0,"parent":0,"menu_order":0,"comment_status":"closed","ping_status":"closed","template":"","meta":{"_acf_changed":false,"_uag_custom_page_level_css":"","_kad_blocks_custom_css":"","_kad_blocks_head_custom_js":"","_kad_blocks_body_custom_js":"","_kad_blocks_footer_custom_js":"","site-sidebar-layout":"no-sidebar","site-content-layout":"","ast-site-content-layout":"full-width-container","site-content-style":"default","site-sidebar-style":"default","ast-global-header-display":"","ast-banner-title-visibility":"","ast-main-header-display":"","ast-hfb-above-header-display":"","ast-hfb-below-header-display":"","ast-hfb-mobile-header-display":"","site-post-title":"disabled","ast-breadcrumbs-content":"","ast-featured-img":"","footer-sml-layout":"","ast-disable-related-posts":"","theme-transparent-header-meta":"","adv-header-id-meta":"","stick-header-meta":"","header-above-stick-meta":"","header-main-stick-meta":"","header-below-stick-meta":"","astra-migrate-meta-layouts":"set","ast-page-background-enabled":"default","ast-page-background-meta":{"desktop":{"background-color":"var(--ast-global-color-4)","background-image":"","background-repeat":"repeat","background-position":"center center","background-size":"auto","background-attachment":"scroll","background-type":"","background-media":"","overlay-type":"","overlay-color":"","overlay-opacity":"","overlay-gradient":""},"tablet":{"background-color":"","background-image":"","background-repeat":"repeat","background-position":"center center","background-size":"auto","background-attachment":"scroll","background-type":"","background-media":"","overlay-type":"","overlay-color":"","overlay-opacity":"","overlay-gradient":""},"mobile":{"background-color":"","background-image":"","background-repeat":"repeat","background-position":"center center","background-size":"auto","background-attachment":"scroll","background-type":"","background-media":"","overlay-type":"","overlay-color":"","overlay-opacity":"","overlay-gradient":""}},"ast-content-background-meta":{"desktop":{"background-color":"var(--ast-global-color-5)","background-image":"","background-repeat":"repeat","background-position":"center center","background-size":"auto","background-attachment":"scroll","background-type":"","background-media":"","overlay-type":"","overlay-color":"","overlay-opacity":"","overlay-gradient":""},"tablet":{"background-color":"var(--ast-global-color-5)","background-image":"","background-repeat":"repeat","background-position":"center center","background-size":"auto","background-attachment":"scroll","background-type":"","background-media":"","overlay-type":"","overlay-color":"","overlay-opacity":"","overlay-gradient":""},"mobile":{"background-color":"var(--ast-global-color-5)","background-image":"","background-repeat":"repeat","background-position":"center center","background-size":"auto","background-attachment":"scroll","background-type":"","background-media":"","overlay-type":"","overlay-color":"","overlay-opacity":"","overlay-gradient":""}},"footnotes":""},"class_list":["post-3071","page","type-page","status-publish","hentry"],"acf":[],"yoast_head":"<!-- This site is optimized with the Yoast SEO plugin v26.9 - https:\/\/yoast.com\/product\/yoast-seo-wordpress\/ -->\n<title>Products - Aquarainwater<\/title>\n<meta name=\"robots\" content=\"noindex, follow\" \/>\n<meta property=\"og:locale\" content=\"fr_FR\" \/>\n<meta property=\"og:type\" content=\"article\" \/>\n<meta property=\"og:title\" content=\"Products - Aquarainwater\" \/>\n<meta property=\"og:description\" content=\"PRODUCT Our Products Soakaway Crate Geocellular Tank Shallow Drainage Tank Landscape Drainage Other Product\" \/>\n<meta property=\"og:url\" content=\"https:\/\/aquarainwater.com\/fr\/produits\/\" \/>\n<meta property=\"og:site_name\" content=\"Aquarainwater\" \/>\n<meta property=\"article:modified_time\" content=\"2025-12-12T06:23:26+00:00\" \/>\n<meta name=\"twitter:card\" content=\"summary_large_image\" \/>\n<meta name=\"twitter:label1\" content=\"Dur\u00e9e de lecture estim\u00e9e\" \/>\n\t<meta name=\"twitter:data1\" content=\"1 minute\" \/>\n<script type=\"application\/ld+json\" class=\"yoast-schema-graph\">{\"@context\":\"https:\/\/schema.org\",\"@graph\":[{\"@type\":\"WebPage\",\"@id\":\"https:\/\/aquarainwater.com\/es\/productos\/\",\"url\":\"https:\/\/aquarainwater.com\/es\/productos\/\",\"name\":\"Products - Aquarainwater\",\"isPartOf\":{\"@id\":\"https:\/\/aquarainwater.com\/#website\"},\"datePublished\":\"2025-08-30T01:57:15+00:00\",\"dateModified\":\"2025-12-12T06:23:26+00:00\",\"breadcrumb\":{\"@id\":\"https:\/\/aquarainwater.com\/es\/productos\/#breadcrumb\"},\"inLanguage\":\"fr-FR\",\"potentialAction\":[{\"@type\":\"ReadAction\",\"target\":[\"https:\/\/aquarainwater.com\/es\/productos\/\"]}]},{\"@type\":\"BreadcrumbList\",\"@id\":\"https:\/\/aquarainwater.com\/es\/productos\/#breadcrumb\",\"itemListElement\":[{\"@type\":\"ListItem\",\"position\":1,\"name\":\"HOME\",\"item\":\"https:\/\/aquarainwater.com\/\"},{\"@type\":\"ListItem\",\"position\":2,\"name\":\"Products\"}]},{\"@type\":\"WebSite\",\"@id\":\"https:\/\/aquarainwater.com\/#website\",\"url\":\"https:\/\/aquarainwater.com\/\",\"name\":\"Underground Stormwater Detention & Infiltration Solutions Expert | Flood Mitigation & LID\",\"description\":\"\",\"publisher\":{\"@id\":\"https:\/\/aquarainwater.com\/#organization\"},\"potentialAction\":[{\"@type\":\"SearchAction\",\"target\":{\"@type\":\"EntryPoint\",\"urlTemplate\":\"https:\/\/aquarainwater.com\/?s={search_term_string}\"},\"query-input\":{\"@type\":\"PropertyValueSpecification\",\"valueRequired\":true,\"valueName\":\"search_term_string\"}}],\"inLanguage\":\"fr-FR\"},{\"@type\":\"Organization\",\"@id\":\"https:\/\/aquarainwater.com\/#organization\",\"name\":\"ARW Stormwater Management\",\"url\":\"https:\/\/aquarainwater.com\/\",\"logo\":{\"@type\":\"ImageObject\",\"inLanguage\":\"fr-FR\",\"@id\":\"https:\/\/aquarainwater.com\/#\/schema\/logo\/image\/\",\"url\":\"https:\/\/aquarainwater.com\/wp-content\/uploads\/2025\/09\/cropped-cropped-\u5fae\u4fe1\u56fe\u7247_20250827165723_16_579.png\",\"contentUrl\":\"https:\/\/aquarainwater.com\/wp-content\/uploads\/2025\/09\/cropped-cropped-\u5fae\u4fe1\u56fe\u7247_20250827165723_16_579.png\",\"width\":514,\"height\":224,\"caption\":\"ARW Stormwater Management\"},\"image\":{\"@id\":\"https:\/\/aquarainwater.com\/#\/schema\/logo\/image\/\"},\"sameAs\":[\"https:\/\/www.linkedin.cn\/incareer\/company\/arw-stormwater-management\/\",\"https:\/\/wa.me\/85267102428\"]}]}<\/script>\n<!-- \/ Yoast SEO plugin. -->","yoast_head_json":{"title":"Produits - Aquarainwater","robots":{"index":"noindex","follow":"follow"},"og_locale":"fr_FR","og_type":"article","og_title":"Products - Aquarainwater","og_description":"PRODUCT Our Products Soakaway Crate Geocellular Tank Shallow Drainage Tank Landscape Drainage Other Product","og_url":"https:\/\/aquarainwater.com\/fr\/produits\/","og_site_name":"Aquarainwater","article_modified_time":"2025-12-12T06:23:26+00:00","twitter_card":"summary_large_image","twitter_misc":{"Dur\u00e9e de lecture estim\u00e9e":"1 minute"},"schema":{"@context":"https:\/\/schema.org","@graph":[{"@type":"WebPage","@id":"https:\/\/aquarainwater.com\/es\/productos\/","url":"https:\/\/aquarainwater.com\/es\/productos\/","name":"Produits - Aquarainwater","isPartOf":{"@id":"https:\/\/aquarainwater.com\/#website"},"datePublished":"2025-08-30T01:57:15+00:00","dateModified":"2025-12-12T06:23:26+00:00","breadcrumb":{"@id":"https:\/\/aquarainwater.com\/es\/productos\/#breadcrumb"},"inLanguage":"fr-FR","potentialAction":[{"@type":"ReadAction","target":["https:\/\/aquarainwater.com\/es\/productos\/"]}]},{"@type":"BreadcrumbList","@id":"https:\/\/aquarainwater.com\/es\/productos\/#breadcrumb","itemListElement":[{"@type":"ListItem","position":1,"name":"HOME","item":"https:\/\/aquarainwater.com\/"},{"@type":"ListItem","position":2,"name":"Products"}]},{"@type":"WebSite","@id":"https:\/\/aquarainwater.com\/#website","url":"https:\/\/aquarainwater.com\/","name":"Expert en solutions de r\u00e9tention et d'infiltration des eaux pluviales souterraines - Att\u00e9nuation des inondations et am\u00e9nagement du territoire","description":"","publisher":{"@id":"https:\/\/aquarainwater.com\/#organization"},"potentialAction":[{"@type":"SearchAction","target":{"@type":"EntryPoint","urlTemplate":"https:\/\/aquarainwater.com\/?s={search_term_string}"},"query-input":{"@type":"PropertyValueSpecification","valueRequired":true,"valueName":"search_term_string"}}],"inLanguage":"fr-FR"},{"@type":"Organization","@id":"https:\/\/aquarainwater.com\/#organization","name":"Gestion des eaux pluviales ARW","url":"https:\/\/aquarainwater.com\/","logo":{"@type":"ImageObject","inLanguage":"fr-FR","@id":"https:\/\/aquarainwater.com\/#\/schema\/logo\/image\/","url":"https:\/\/aquarainwater.com\/wp-content\/uploads\/2025\/09\/cropped-cropped-\u5fae\u4fe1\u56fe\u7247_20250827165723_16_579.png","contentUrl":"https:\/\/aquarainwater.com\/wp-content\/uploads\/2025\/09\/cropped-cropped-\u5fae\u4fe1\u56fe\u7247_20250827165723_16_579.png","width":514,"height":224,"caption":"ARW Stormwater Management"},"image":{"@id":"https:\/\/aquarainwater.com\/#\/schema\/logo\/image\/"},"sameAs":["https:\/\/www.linkedin.cn\/incareer\/company\/arw-stormwater-management\/","https:\/\/wa.me\/85267102428"]}]}},"taxonomy_info":[],"featured_image_src_large":false,"author_info":{"display_name":"aquarainwater","author_link":"https:\/\/aquarainwater.com\/fr\/author\/hong\/"},"comment_info":0,"uagb_featured_image_src":{"full":false,"thumbnail":false,"medium":false,"medium_large":false,"large":false,"1536x1536":false,"2048x2048":false,"trp-custom-language-flag":false},"uagb_author_info":{"display_name":"aquarainwater","author_link":"https:\/\/aquarainwater.com\/fr\/author\/hong\/"},"uagb_comment_info":0,"uagb_excerpt":"PRODUCT Our Products Soakaway Crate Geocellular Tank Shallow Drainage Tank Landscape Drainage Other Product","_links":{"self":[{"href":"https:\/\/aquarainwater.com\/fr\/wp-json\/wp\/v2\/pages\/3071","targetHints":{"allow":["GET"]}}],"collection":[{"href":"https:\/\/aquarainwater.com\/fr\/wp-json\/wp\/v2\/pages"}],"about":[{"href":"https:\/\/aquarainwater.com\/fr\/wp-json\/wp\/v2\/types\/page"}],"author":[{"embeddable":true,"href":"https:\/\/aquarainwater.com\/fr\/wp-json\/wp\/v2\/users\/1"}],"replies":[{"embeddable":true,"href":"https:\/\/aquarainwater.com\/fr\/wp-json\/wp\/v2\/comments?post=3071"}],"version-history":[{"count":4,"href":"https:\/\/aquarainwater.com\/fr\/wp-json\/wp\/v2\/pages\/3071\/revisions"}],"predecessor-version":[{"id":3982,"href":"https:\/\/aquarainwater.com\/fr\/wp-json\/wp\/v2\/pages\/3071\/revisions\/3982"}],"wp:attachment":[{"href":"https:\/\/aquarainwater.com\/fr\/wp-json\/wp\/v2\/media?parent=3071"}],"curies":[{"name":"wp","href":"https:\/\/api.w.org\/{rel}","templated":true}]}}