{"id":2,"date":"2025-07-03T11:10:51","date_gmt":"2025-07-03T03:10:51","guid":{"rendered":"https:\/\/aquarainwater.com\/?page_id=2"},"modified":"2025-12-12T14:24:46","modified_gmt":"2025-12-12T06:24:46","slug":"solutions","status":"publish","type":"page","link":"https:\/\/aquarainwater.com\/fr\/solutions\/","title":{"rendered":"Solutions"},"content":{"rendered":"<p><\/p>\n\n\n\n<blockquote class=\"wp-block-quote is-layout-flow wp-block-quote-is-layout-flow\">\n<p><\/p>\n<\/blockquote>\n\n\n\n<p><\/p>\n\n\n\n<blockquote class=\"wp-block-quote is-layout-flow wp-block-quote-is-layout-flow\">\n<p><\/p>\n<\/blockquote>\n\n\n\n<p><\/p>","protected":false},"excerpt":{"rendered":"","protected":false},"author":1,"featured_media":0,"parent":0,"menu_order":0,"comment_status":"closed","ping_status":"closed","template":"","meta":{"_acf_changed":false,"_uag_custom_page_level_css":"","_kad_blocks_custom_css":"","_kad_blocks_head_custom_js":"","_kad_blocks_body_custom_js":"","_kad_blocks_footer_custom_js":"","site-sidebar-layout":"default","site-content-layout":"","ast-site-content-layout":"default","site-content-style":"default","site-sidebar-style":"default","ast-global-header-display":"","ast-banner-title-visibility":"","ast-main-header-display":"","ast-hfb-above-header-display":"","ast-hfb-below-header-display":"","ast-hfb-mobile-header-display":"","site-post-title":"","ast-breadcrumbs-content":"","ast-featured-img":"","footer-sml-layout":"","ast-disable-related-posts":"","theme-transparent-header-meta":"","adv-header-id-meta":"","stick-header-meta":"","header-above-stick-meta":"","header-main-stick-meta":"","header-below-stick-meta":"","astra-migrate-meta-layouts":"set","ast-page-background-enabled":"default","ast-page-background-meta":{"desktop":{"background-color":"var(--ast-global-color-4)","background-image":"","background-repeat":"repeat","background-position":"center center","background-size":"auto","background-attachment":"scroll","background-type":"","background-media":"","overlay-type":"","overlay-color":"","overlay-opacity":"","overlay-gradient":""},"tablet":{"background-color":"","background-image":"","background-repeat":"repeat","background-position":"center center","background-size":"auto","background-attachment":"scroll","background-type":"","background-media":"","overlay-type":"","overlay-color":"","overlay-opacity":"","overlay-gradient":""},"mobile":{"background-color":"","background-image":"","background-repeat":"repeat","background-position":"center center","background-size":"auto","background-attachment":"scroll","background-type":"","background-media":"","overlay-type":"","overlay-color":"","overlay-opacity":"","overlay-gradient":""}},"ast-content-background-meta":{"desktop":{"background-color":"var(--ast-global-color-5)","background-image":"","background-repeat":"repeat","background-position":"center center","background-size":"auto","background-attachment":"scroll","background-type":"","background-media":"","overlay-type":"","overlay-color":"","overlay-opacity":"","overlay-gradient":""},"tablet":{"background-color":"var(--ast-global-color-5)","background-image":"","background-repeat":"repeat","background-position":"center center","background-size":"auto","background-attachment":"scroll","background-type":"","background-media":"","overlay-type":"","overlay-color":"","overlay-opacity":"","overlay-gradient":""},"mobile":{"background-color":"var(--ast-global-color-5)","background-image":"","background-repeat":"repeat","background-position":"center center","background-size":"auto","background-attachment":"scroll","background-type":"","background-media":"","overlay-type":"","overlay-color":"","overlay-opacity":"","overlay-gradient":""}},"footnotes":""},"class_list":["post-2","page","type-page","status-publish","hentry"],"acf":[],"yoast_head":"<!-- This site is optimized with the Yoast SEO plugin v26.9 - https:\/\/yoast.com\/product\/yoast-seo-wordpress\/ -->\n<title>Solutions - Aquarainwater<\/title>\n<meta name=\"robots\" content=\"noindex, follow\" \/>\n<meta property=\"og:locale\" content=\"fr_FR\" \/>\n<meta property=\"og:type\" content=\"article\" \/>\n<meta property=\"og:title\" content=\"Solutions - Aquarainwater\" \/>\n<meta property=\"og:url\" content=\"https:\/\/aquarainwater.com\/fr\/solutions\/\" \/>\n<meta property=\"og:site_name\" content=\"Aquarainwater\" \/>\n<meta property=\"article:modified_time\" content=\"2025-12-12T06:24:46+00:00\" \/>\n<meta name=\"twitter:card\" content=\"summary_large_image\" \/>\n<script type=\"application\/ld+json\" class=\"yoast-schema-graph\">{\"@context\":\"https:\/\/schema.org\",\"@graph\":[{\"@type\":\"WebPage\",\"@id\":\"https:\/\/aquarainwater.com\/solutions\/\",\"url\":\"https:\/\/aquarainwater.com\/solutions\/\",\"name\":\"Solutions - Aquarainwater\",\"isPartOf\":{\"@id\":\"https:\/\/aquarainwater.com\/#website\"},\"datePublished\":\"2025-07-03T03:10:51+00:00\",\"dateModified\":\"2025-12-12T06:24:46+00:00\",\"breadcrumb\":{\"@id\":\"https:\/\/aquarainwater.com\/solutions\/#breadcrumb\"},\"inLanguage\":\"fr-FR\",\"potentialAction\":[{\"@type\":\"ReadAction\",\"target\":[\"https:\/\/aquarainwater.com\/solutions\/\"]}]},{\"@type\":\"BreadcrumbList\",\"@id\":\"https:\/\/aquarainwater.com\/solutions\/#breadcrumb\",\"itemListElement\":[{\"@type\":\"ListItem\",\"position\":1,\"name\":\"HOME\",\"item\":\"https:\/\/aquarainwater.com\/\"},{\"@type\":\"ListItem\",\"position\":2,\"name\":\"Solutions\"}]},{\"@type\":\"WebSite\",\"@id\":\"https:\/\/aquarainwater.com\/#website\",\"url\":\"https:\/\/aquarainwater.com\/\",\"name\":\"Underground Stormwater Detention & Infiltration Solutions Expert | Flood Mitigation & LID\",\"description\":\"\",\"publisher\":{\"@id\":\"https:\/\/aquarainwater.com\/#organization\"},\"potentialAction\":[{\"@type\":\"SearchAction\",\"target\":{\"@type\":\"EntryPoint\",\"urlTemplate\":\"https:\/\/aquarainwater.com\/?s={search_term_string}\"},\"query-input\":{\"@type\":\"PropertyValueSpecification\",\"valueRequired\":true,\"valueName\":\"search_term_string\"}}],\"inLanguage\":\"fr-FR\"},{\"@type\":\"Organization\",\"@id\":\"https:\/\/aquarainwater.com\/#organization\",\"name\":\"ARW Stormwater Management\",\"url\":\"https:\/\/aquarainwater.com\/\",\"logo\":{\"@type\":\"ImageObject\",\"inLanguage\":\"fr-FR\",\"@id\":\"https:\/\/aquarainwater.com\/#\/schema\/logo\/image\/\",\"url\":\"https:\/\/aquarainwater.com\/wp-content\/uploads\/2025\/09\/cropped-cropped-\u5fae\u4fe1\u56fe\u7247_20250827165723_16_579.png\",\"contentUrl\":\"https:\/\/aquarainwater.com\/wp-content\/uploads\/2025\/09\/cropped-cropped-\u5fae\u4fe1\u56fe\u7247_20250827165723_16_579.png\",\"width\":514,\"height\":224,\"caption\":\"ARW Stormwater Management\"},\"image\":{\"@id\":\"https:\/\/aquarainwater.com\/#\/schema\/logo\/image\/\"},\"sameAs\":[\"https:\/\/www.linkedin.cn\/incareer\/company\/arw-stormwater-management\/\",\"https:\/\/wa.me\/85267102428\"]}]}<\/script>\n<!-- \/ Yoast SEO plugin. -->","yoast_head_json":{"title":"Solutions - Aquarainwater","robots":{"index":"noindex","follow":"follow"},"og_locale":"fr_FR","og_type":"article","og_title":"Solutions - Aquarainwater","og_url":"https:\/\/aquarainwater.com\/fr\/solutions\/","og_site_name":"Aquarainwater","article_modified_time":"2025-12-12T06:24:46+00:00","twitter_card":"summary_large_image","schema":{"@context":"https:\/\/schema.org","@graph":[{"@type":"WebPage","@id":"https:\/\/aquarainwater.com\/solutions\/","url":"https:\/\/aquarainwater.com\/solutions\/","name":"Solutions - Aquarainwater","isPartOf":{"@id":"https:\/\/aquarainwater.com\/#website"},"datePublished":"2025-07-03T03:10:51+00:00","dateModified":"2025-12-12T06:24:46+00:00","breadcrumb":{"@id":"https:\/\/aquarainwater.com\/solutions\/#breadcrumb"},"inLanguage":"fr-FR","potentialAction":[{"@type":"ReadAction","target":["https:\/\/aquarainwater.com\/solutions\/"]}]},{"@type":"BreadcrumbList","@id":"https:\/\/aquarainwater.com\/solutions\/#breadcrumb","itemListElement":[{"@type":"ListItem","position":1,"name":"HOME","item":"https:\/\/aquarainwater.com\/"},{"@type":"ListItem","position":2,"name":"Solutions"}]},{"@type":"WebSite","@id":"https:\/\/aquarainwater.com\/#website","url":"https:\/\/aquarainwater.com\/","name":"Expert en solutions de r\u00e9tention et d'infiltration des eaux pluviales souterraines - Att\u00e9nuation des inondations et am\u00e9nagement du territoire","description":"","publisher":{"@id":"https:\/\/aquarainwater.com\/#organization"},"potentialAction":[{"@type":"SearchAction","target":{"@type":"EntryPoint","urlTemplate":"https:\/\/aquarainwater.com\/?s={search_term_string}"},"query-input":{"@type":"PropertyValueSpecification","valueRequired":true,"valueName":"search_term_string"}}],"inLanguage":"fr-FR"},{"@type":"Organization","@id":"https:\/\/aquarainwater.com\/#organization","name":"Gestion des eaux pluviales ARW","url":"https:\/\/aquarainwater.com\/","logo":{"@type":"ImageObject","inLanguage":"fr-FR","@id":"https:\/\/aquarainwater.com\/#\/schema\/logo\/image\/","url":"https:\/\/aquarainwater.com\/wp-content\/uploads\/2025\/09\/cropped-cropped-\u5fae\u4fe1\u56fe\u7247_20250827165723_16_579.png","contentUrl":"https:\/\/aquarainwater.com\/wp-content\/uploads\/2025\/09\/cropped-cropped-\u5fae\u4fe1\u56fe\u7247_20250827165723_16_579.png","width":514,"height":224,"caption":"ARW Stormwater Management"},"image":{"@id":"https:\/\/aquarainwater.com\/#\/schema\/logo\/image\/"},"sameAs":["https:\/\/www.linkedin.cn\/incareer\/company\/arw-stormwater-management\/","https:\/\/wa.me\/85267102428"]}]}},"taxonomy_info":[],"featured_image_src_large":false,"author_info":{"display_name":"aquarainwater","author_link":"https:\/\/aquarainwater.com\/fr\/author\/hong\/"},"comment_info":0,"uagb_featured_image_src":{"full":false,"thumbnail":false,"medium":false,"medium_large":false,"large":false,"1536x1536":false,"2048x2048":false,"trp-custom-language-flag":false},"uagb_author_info":{"display_name":"aquarainwater","author_link":"https:\/\/aquarainwater.com\/fr\/author\/hong\/"},"uagb_comment_info":0,"uagb_excerpt":null,"_links":{"self":[{"href":"https:\/\/aquarainwater.com\/fr\/wp-json\/wp\/v2\/pages\/2","targetHints":{"allow":["GET"]}}],"collection":[{"href":"https:\/\/aquarainwater.com\/fr\/wp-json\/wp\/v2\/pages"}],"about":[{"href":"https:\/\/aquarainwater.com\/fr\/wp-json\/wp\/v2\/types\/page"}],"author":[{"embeddable":true,"href":"https:\/\/aquarainwater.com\/fr\/wp-json\/wp\/v2\/users\/1"}],"replies":[{"embeddable":true,"href":"https:\/\/aquarainwater.com\/fr\/wp-json\/wp\/v2\/comments?post=2"}],"version-history":[{"count":2,"href":"https:\/\/aquarainwater.com\/fr\/wp-json\/wp\/v2\/pages\/2\/revisions"}],"predecessor-version":[{"id":7180,"href":"https:\/\/aquarainwater.com\/fr\/wp-json\/wp\/v2\/pages\/2\/revisions\/7180"}],"wp:attachment":[{"href":"https:\/\/aquarainwater.com\/fr\/wp-json\/wp\/v2\/media?parent=2"}],"curies":[{"name":"wp","href":"https:\/\/api.w.org\/{rel}","templated":true}]}}